{"id":7401,"date":"2020-06-19T11:11:50","date_gmt":"2020-06-19T09:11:50","guid":{"rendered":"http:\/\/itmeter.com\/avdo\/?page_id=7401"},"modified":"2026-05-06T18:41:27","modified_gmt":"2026-05-06T16:41:27","slug":"le-smpba","status":"publish","type":"page","link":"https:\/\/itmeter.com\/avdo\/?page_id=7401","title":{"rendered":"Le SMPBA"},"content":{"rendered":"<div class=\"brz-root__container brz-reset-all brz\">\n<section id=\"_xnoyabbphmyibygyhsmljidnlqrrgzxeodjb\" class=\"brz-section brz-css-aoIK8 brz-css-wOOKo\">\n<div class=\"brz-section__content brz-section--boxed brz-css-rY4AJ brz-css-sUpSa\" data-brz-custom-id=\"pysuijdtxrvwnfsjhczeuwhrsbwovauyuuxr\">\n<div class=\"brz-bg\">\n<div class=\"brz-bg-image\"><\/div>\n<div class=\"brz-bg-color\"><\/div>\n<\/div>\n<div class=\"brz-container brz-css-mupCu\">\n<div id=\"\" class=\"brz-css-dF_fD brz-css-vvDrT brz-wrapper\">\n<div class=\"brz-rich-text brz-rich-text__custom brz-css-kofhc\" data-brz-custom-id=\"ylyepzydfancvhbtijjjrluwpvvtiztcxlao\">\n<div data-brz-translate-text=\"1\">\n<h1 class=\"brz-text-lg-center brz-tp-heading1 brz-css-lFu1C\"><span><span>Syndicat Mixte des Ports du Bassin d&rsquo;Arcachon<\/span><\/span><\/h1>\n<h1 class=\"brz-text-lg-center brz-tp-heading1 brz-css-kYLOs\"><span><span> ( SMPBA). <\/span><\/span><\/h1>\n<\/div>\n<\/div>\n<\/div>\n<div id=\"\" class=\"brz-css-dF_fD brz-css-mC0RW brz-wrapper\">\n<div class=\"brz-rich-text brz-rich-text__custom brz-css-kofhc\" data-brz-custom-id=\"haelrqkgxadiuzrfidhxsmiehfuckdasfgbu\">\n<div data-brz-translate-text=\"1\">\n<p class=\"brz-text-lg-center brz-tp-subtitle brz-css-uvDcf\"><strong class=\"brz-cp-color3\"><em>Forme: : Etablissement Public Syndicat Mixte<\/em><\/strong><\/p>\n<\/div>\n<\/div>\n<\/div>\n<div id=\"\" class=\"brz-css-dF_fD brz-css-i1S8T brz-css-xX9Rl brz-wrapper\">\n<div class=\"brz-spacer brz-css-gHJjN brz-css-fUJqz\"><\/div>\n<\/div>\n<div class=\"brz-row__container brz-css-jnOgX\" data-brz-custom-id=\"etyvuqfwirrbtpsvksfvbbmkngmxeeibnfhc\">\n<div class=\"brz-bg\"><\/div>\n<div class=\"brz-row brz-css-qGWD_ brz-css-m2ypa\">\n<div class=\"brz-columns brz-css-u8PEt brz-css-jDWE7\" data-brz-custom-id=\"cyppzgygdofvjkxyklirbziitscdwyrebedd\">\n<div class=\"brz-bg\"><\/div>\n<div class=\"brz-column__items brz-css-huhIA\">\n<div class=\"brz-row__container brz-css-jnOgX\" data-brz-custom-id=\"rzbwmccjaowadjfaurjlnlzgiczubrlnywtz\">\n<div class=\"brz-bg\"><\/div>\n<div class=\"brz-row brz-row--inner brz-css-qGWD_ brz-css-m2ypa\">\n<div class=\"brz-columns brz-css-u8PEt brz-css-vdYHf\" data-brz-custom-id=\"zfsvjopkjazaenewyxuutcgfjbdfkxnaxtyp\">\n<div class=\"brz-bg\"><\/div>\n<div class=\"brz-column__items brz-css-huhIA brz-css-r7m5G\">\n<div id=\"\" class=\"brz-css-dF_fD brz-wrapper\">\n<div class=\"brz-image brz-css-fKskk brz-css-jkVDh\" data-brz-custom-id=\"gddoofxcdhrbppjvrykxvbodlubidiisgtar\"><img decoding=\"async\" class=\"brz-img\" src=\"https:\/\/itmeter.com\/avdo\/wp-content\/uploads\/brizy\/imgs\/SMP-e\u0301-266x164x51x0x165x164x1727243380.jpg\" alt=\"\" loading=\"lazy\"><\/div>\n<\/div>\n<\/div>\n<\/div>\n<div class=\"brz-columns brz-css-u8PEt brz-css-uHjWZ\" data-brz-custom-id=\"avvqrtgfdnvwfevircxcbvwrqnosvkdhvynw\">\n<div class=\"brz-bg\"><\/div>\n<div class=\"brz-column__items brz-css-huhIA brz-css-uKhbV\">\n<div id=\"\" class=\"brz-css-dF_fD brz-wrapper\">\n<div class=\"brz-rich-text brz-rich-text__custom brz-css-kofhc\" data-brz-custom-id=\"bdtjrsbvsvepekpqmlmynxqmxtanwyzkhouf\">\n<div data-brz-translate-text=\"1\">\n<h4 class=\"brz-text-xs-center brz-tp-heading4 brz-css-eC4rP\"><span class=\"brz-cp-color2\"><span>Missions<\/span><\/span><\/h4>\n<\/div>\n<\/div>\n<\/div>\n<div id=\"\" class=\"brz-css-dF_fD brz-css-r64_p brz-wrapper\">\n<div class=\"brz-rich-text brz-rich-text__custom brz-css-kofhc\" data-brz-custom-id=\"ptalsibzmzxpixtzxtemkyjkvitrlevgfmgw\">\n<div data-brz-translate-text=\"1\">\n<p class=\"brz-text-xs-center brz-tp-paragraph brz-css-feXps\"><span class=\"brz-cp-color7\"><span>&nbsp;&#8211;&nbsp;&nbsp;&nbsp;&nbsp;&nbsp;&nbsp;Assurer la gestion du domaine portuaire relevant de sa comp\u00e9tence, y compris d\u2019y assurer la police portuaire.<\/span><\/span><\/p>\n<p class=\"brz-text-xs-center brz-tp-paragraph brz-css-bUVkS\"><span class=\"brz-cp-color7\"><span>&#8211;&nbsp;&nbsp;&nbsp;&nbsp;&nbsp;&nbsp;Entretenir l\u2019ensemble des infrastructures horizontales et verticales des ports et d\u2019en permettre ainsi un fonctionnement op\u00e9rationnel, r\u00e9glementaire et s\u00e9curis\u00e9.<\/span><\/span><\/p>\n<p class=\"brz-text-xs-center brz-tp-paragraph brz-css-dvvQU\"><span class=\"brz-cp-color7\"><span>&#8211;&nbsp;&nbsp;&nbsp;&nbsp;&nbsp;&nbsp;R\u00e9aliser sur son p\u00e9rim\u00e8tre l\u2019ensemble des op\u00e9rations d\u2019investissements n\u00e9cessaires.<\/span><\/span><\/p>\n<p class=\"brz-text-xs-center brz-tp-paragraph brz-css-pl2jz\"><span class=\"brz-cp-color7\"><span> <\/span><\/span><\/p>\n<p class=\"brz-text-xs-center brz-tp-paragraph brz-css-tamiF\"><span class=\"brz-cp-color7\"><span>Le syndicat mixte a les comp\u00e9tences du propri\u00e9taire du\u2028domaine qu\u2019il g\u00e8re. Il en poss\u00e8de \u00e0 ce titre toutes les pr\u00e9rogatives sauf celle de le vendre.<\/span><\/span><\/p>\n<p class=\"brz-text-xs-center brz-tp-paragraph brz-css-s5Ei1\"><span class=\"brz-cp-color7\"><span>Dragage des ports avec les&nbsp;moyens SIBA. <\/span><span> <\/span><\/span><span class=\"brz-cp-color7\"><span>. <\/span><\/span><\/p>\n<p class=\"brz-text-xs-center brz-tp-paragraph brz-css-epQtp\"><\/p>\n<p class=\"brz-text-xs-center brz-tp-paragraph brz-css-kCAUo\"><span class=\"brz-cp-color7\"><span>14 ports sont concern\u00e9s : Ar\u00e8s (1), Andernos-les-Bains (2), Lanton (3), La-Teste-de-Buch (2), Gujan-Mestras (6).<\/span><\/span><\/p>\n<\/div>\n<\/div>\n<\/div>\n<\/div>\n<\/div>\n<\/div>\n<\/div>\n<div id=\"\" class=\"brz-css-dF_fD brz-css-i1S8T brz-css-jZcmz brz-wrapper\">\n<div class=\"brz-spacer brz-css-gHJjN brz-css-cFj_I\"><\/div>\n<\/div>\n<div class=\"brz-row__container brz-css-jnOgX\" data-brz-custom-id=\"cnkakvcmavrhdjcqztwrwpczdhbcvjqdyces\">\n<div class=\"brz-bg\"><\/div>\n<div class=\"brz-row brz-row--inner brz-css-qGWD_ brz-css-m2ypa\">\n<div class=\"brz-columns brz-css-u8PEt brz-css-b54Wk\" data-brz-custom-id=\"mjvhsvtienhldzjibrlbfahnhruhwgcuumnz\">\n<div class=\"brz-bg\"><\/div>\n<div class=\"brz-column__items brz-css-huhIA brz-css-jCOcd\">\n<div id=\"\" class=\"brz-css-dF_fD brz-wrapper\">\n<div class=\"brz-image brz-css-qDeBW brz-css-xnPyj\" data-brz-custom-id=\"jxfjjhnatbdxrubjmjyovrqyksukuxeaqxug\"><img decoding=\"async\" class=\"brz-img\" src=\"https:\/\/itmeter.com\/avdo\/wp-content\/uploads\/brizy\/imgs\/SMP-3-315x179x68x0x179x179x1727243380.jpg\" alt=\"\" loading=\"lazy\"><\/div>\n<\/div>\n<\/div>\n<\/div>\n<div class=\"brz-columns brz-css-u8PEt brz-css-uB6Ii\" data-brz-custom-id=\"izozxezgdgslcmflvcqswaiqhhxlkxjzcddw\">\n<div class=\"brz-bg\"><\/div>\n<div class=\"brz-column__items brz-css-huhIA brz-css-pmeBb\">\n<div id=\"\" class=\"brz-css-dF_fD brz-wrapper\">\n<div class=\"brz-rich-text brz-rich-text__custom brz-css-kofhc\" data-brz-custom-id=\"lppkpfzckyxbelnfppjrrecpknjregilcddd\">\n<div data-brz-translate-text=\"1\">\n<h4 class=\"brz-text-xs-center brz-tp-heading4 brz-css-rFvMi\"><span class=\"brz-cp-color2\"><span>Organisation<\/span><\/span><\/h4>\n<\/div>\n<\/div>\n<\/div>\n<div id=\"\" class=\"brz-css-dF_fD brz-css-xZl9A brz-wrapper\">\n<div class=\"brz-rich-text brz-rich-text__custom brz-css-kofhc\" data-brz-custom-id=\"tlbdodlpoxwyvwepkixkenqysdqhrsqshoml\">\n<div data-brz-translate-text=\"1\">\n<p class=\"brz-text-xs-center brz-tp-paragraph brz-css-bmtbK\"><span class=\"brz-cp-color7\">La gouvernance est constitu\u00e9e de 9 d\u00e9l\u00e9gu\u00e9s syndicaux,&nbsp;<\/span><\/p>\n<p class=\"brz-text-xs-center brz-tp-paragraph brz-css-dEghm\"><span class=\"brz-cp-color7\">&#8211;&nbsp;&nbsp;&nbsp;&nbsp;&nbsp;&nbsp;5 d\u00e9sign\u00e9s par le D\u00e9partement<\/span><\/p>\n<p class=\"brz-text-xs-center brz-tp-paragraph brz-css-kryfm\"><span class=\"brz-cp-color7\">&#8211;&nbsp;&nbsp;&nbsp;&nbsp;&nbsp;&nbsp;les 4 maires des communes adh\u00e9rentes (Ar\u00e8s, Andernos, Lanton, La Teste).&nbsp;<\/span><\/p>\n<p class=\"brz-text-xs-center brz-tp-paragraph brz-css-lBFmt\"><span class=\"brz-cp-color7\"> <\/span><\/p>\n<p class=\"brz-text-xs-center brz-tp-paragraph brz-css-fgwLp\"><span class=\"brz-cp-color7\">La direction est assur\u00e9e par un pr\u00e9sident et un Directeur g\u00e9n\u00e9ral.<\/span><\/p>\n<p class=\"brz-text-xs-center brz-tp-paragraph brz-css-taJFr\"><span class=\"brz-cp-color7\">Les Maires sont naturellement associ\u00e9s \u00e0 tous les d\u00e9bats. <\/span><\/p>\n<p class=\"brz-text-xs-center brz-tp-paragraph brz-css-q2KkN\"><span class=\"brz-cp-color7\"> <\/span><\/p>\n<p class=\"brz-text-xs-center brz-tp-paragraph brz-css-vnXzT\"><span class=\"brz-cp-color7\">Ils sont en outre pr\u00e9sidents des structures comme les conseils portuaires et les comit\u00e9s techniques d\u2019attribution\u2028des autorisations d\u2019occupation temporaires (CTAOT).<\/span><\/p>\n<p class=\"brz-text-xs-center brz-tp-paragraph brz-css-kwei0\"><span class=\"brz-cp-color7\">Ils participent en cela \u00e0 l\u2019am\u00e9nagement\u2028de leur(s) port(s), et aux investissements envisag\u00e9s.&nbsp;<\/span><\/p>\n<p class=\"brz-text-xs-center brz-tp-paragraph brz-css-nPqw9\"><span class=\"brz-cp-color7\">Le syndicat ne peut intervenir contre la volont\u00e9 d\u2019un maire.<\/span><\/p>\n<p class=\"brz-text-xs-center brz-tp-paragraph brz-css-zvNkc\"><span class=\"brz-cp-color7\">Les programmes des travaux s\u2019effectuent sur une base propos\u00e9e aux \u00e9lus par le SMPBA.<\/span><\/p>\n<p class=\"brz-text-xs-center brz-tp-paragraph brz-css-muGyV\"><span class=\"brz-cp-color7\">Les priorit\u00e9s sont \u00e9tablies sur 3 ou 4 ans.<\/span><\/p>\n<\/div>\n<\/div>\n<\/div>\n<\/div>\n<\/div>\n<\/div>\n<\/div>\n<div id=\"\" class=\"brz-css-dF_fD brz-css-i1S8T brz-css-aG80G brz-wrapper\">\n<div class=\"brz-spacer brz-css-gHJjN brz-css-jGAnZ\"><\/div>\n<\/div>\n<div class=\"brz-row__container brz-css-jnOgX\" data-brz-custom-id=\"kckepligginmxvdvteoxyonikukmdrarmskr\">\n<div class=\"brz-bg\"><\/div>\n<div class=\"brz-row brz-row--inner brz-css-qGWD_ brz-css-m2ypa\">\n<div class=\"brz-columns brz-css-u8PEt brz-css-licrJ\" data-brz-custom-id=\"dziihzrucyigdyxagjfkirubjwonqmbdjfgd\">\n<div class=\"brz-bg\"><\/div>\n<div class=\"brz-column__items brz-css-huhIA brz-css-o8Zxp\">\n<div id=\"\" class=\"brz-css-dF_fD brz-wrapper\">\n<div class=\"brz-image brz-css-lXrSt brz-css-fIU9G\" data-brz-custom-id=\"aqukoqwoiiboopbfbfmnfuupuxkkykxqnucn\"><img decoding=\"async\" class=\"brz-img\" src=\"https:\/\/itmeter.com\/avdo\/wp-content\/uploads\/brizy\/imgs\/smp4-304x179x63x0x179x179x1727243380.jpg\" alt=\"\" loading=\"lazy\"><\/div>\n<\/div>\n<\/div>\n<\/div>\n<div class=\"brz-columns brz-css-u8PEt brz-css-oLplA\" data-brz-custom-id=\"njpklpaaexecrjwbygtvmarvilbotoearekn\">\n<div class=\"brz-bg\"><\/div>\n<div class=\"brz-column__items brz-css-huhIA brz-css-y1NG4\">\n<div id=\"\" class=\"brz-css-dF_fD brz-wrapper\">\n<div class=\"brz-rich-text brz-rich-text__custom brz-css-kofhc\" data-brz-custom-id=\"cdaqsyirbofozqabzreelhgrpdvcgueucqeh\">\n<div data-brz-translate-text=\"1\">\n<h4 class=\"brz-tp-heading4 brz-text-xs-center brz-css-hbKk7\"><span class=\"brz-cp-color2\"><span>Financement<\/span><\/span><\/h4>\n<\/div>\n<\/div>\n<\/div>\n<div id=\"\" class=\"brz-css-dF_fD brz-css-pMPMH brz-wrapper\">\n<div class=\"brz-rich-text brz-rich-text__custom brz-css-kofhc\" data-brz-custom-id=\"qsgilmwydzjlohosecaxmirqcvfxlfnttxap\">\n<div data-brz-translate-text=\"1\">\n<p class=\"brz-text-xs-center brz-tp-paragraph brz-css-qyo6j\"><span class=\"brz-cp-color7\"><span>Deux sources de financement : <\/span><\/span><\/p>\n<ul>\n<li class=\"brz-text-xs-center brz-tp-paragraph brz-bcp-color7 brz-css-eQ3mh\"><span class=\"brz-cp-color7\"><span>une dotation du d\u00e9partement <\/span><\/span><\/li>\n<li class=\"brz-text-xs-center brz-tp-paragraph brz-bcp-color7 brz-css-jvcb5\"><span class=\"brz-cp-color7\"><span>et les redevances d\u2019occupation du domaine Public.<\/span><\/span><\/li>\n<\/ul>\n<p class=\"brz-text-xs-center brz-tp-paragraph brz-bcp-color7 brz-css-jfWIw\"><span class=\"brz-cp-color7\"><span> <\/span><\/span><\/p>\n<p class=\"brz-text-xs-center brz-tp-paragraph brz-bcp-color7 brz-css-mwVwO\"><span class=\"brz-cp-color7\"><span>Les communes ne participent \u00e0 aucun financement du SMPBA.<\/span><\/span><\/p>\n<p class=\"brz-text-xs-center brz-tp-paragraph brz-bcp-color7 brz-css-oLFdb\"><span class=\"brz-cp-color7\"><span>Certaines op\u00e9rations peuvent donner lieu \u00e0 des dotations exceptionnelles.<\/span><\/span><\/p>\n<\/div>\n<\/div>\n<\/div>\n<\/div>\n<\/div>\n<\/div>\n<\/div>\n<\/div>\n<\/div>\n<div class=\"brz-columns brz-css-u8PEt brz-css-yJde3\" data-brz-custom-id=\"cremcvsrvmbecajpifwnvvlrbusqptcowcct\">\n<div class=\"brz-bg\">\n<div class=\"brz-bg-color\"><\/div>\n<\/div>\n<div class=\"brz-column__items brz-css-huhIA brz-css-equJB\">\n<div class=\"brz-row__container brz-css-jnOgX\" data-brz-custom-id=\"pojjbwvtvlfoefysiqvltdihcqmuronfyfah\">\n<div class=\"brz-bg\"><\/div>\n<div class=\"brz-row brz-row--inner brz-css-qGWD_ brz-css-m2ypa\">\n<div class=\"brz-columns brz-css-u8PEt brz-css-xPumT\" data-brz-custom-id=\"rabldlkfgdmweypltytjefknhvokywvipnov\">\n<div class=\"brz-bg\"><\/div>\n<div class=\"brz-column__items brz-css-huhIA brz-css-o4YDE\">\n<div id=\"\" class=\"brz-css-dF_fD brz-css-i1S8T brz-wrapper\">\n<div class=\"brz-spacer brz-css-gHJjN brz-css-dPfol\"><\/div>\n<\/div>\n<div id=\"\" class=\"brz-css-dF_fD brz-wrapper\">\n<div class=\"brz-image brz-css-sqDTM\" data-brz-custom-id=\"kscskqleqvgeftmpknhuauupuhqrurkchyrq\"><img decoding=\"async\" class=\"brz-img\" src=\"https:\/\/itmeter.com\/avdo\/wp-content\/uploads\/brizy\/imgs\/logo-8c59-233x126x0x9x233x108x1727243380.jpg\" alt=\"\" loading=\"lazy\"><\/div>\n<\/div>\n<div id=\"\" class=\"brz-css-dF_fD brz-css-i1S8T brz-wrapper\">\n<div class=\"brz-spacer brz-css-gHJjN brz-css-gIXaj\"><\/div>\n<\/div>\n<div id=\"\" class=\"brz-css-dF_fD brz-wrapper\">\n<div class=\"brz-rich-text brz-rich-text__custom brz-css-kofhc\" data-brz-custom-id=\"vkzzigmbilzkbrkmbwjrhqdwbwtrytybgsin\">\n<div data-brz-translate-text=\"1\">\n<p class=\"brz-text-lg-center brz-mb-lg-10 brz-lh-lg-1_8 brz-lh-sm-im-undefined brz-lh-xs-im-1_8 brz-ls-lg-0_5 brz-ls-sm-im-undefined brz-ls-xs-im-3 brz-ff-raleway brz-ft-google brz-fw-lg-700 brz-fw-sm-im-undefined brz-fw-xs-im-600 brz-fs-lg-15 brz-fs-sm-im-16 brz-fs-xs-im-14 brz-css-lx9Zm\"><strong class=\"brz-cp-color8\">Toutes les infos sur le SMPBA<\/strong><\/p>\n<p class=\"brz-text-lg-center brz-mb-lg-10 brz-lh-lg-1_8 brz-lh-sm-im-undefined brz-lh-xs-im-1_8 brz-ls-lg-0_5 brz-ls-sm-im-undefined brz-ls-xs-im-3 brz-ff-raleway brz-ft-google brz-fw-lg-700 brz-fw-sm-im-undefined brz-fw-xs-im-600 brz-fs-lg-15 brz-fs-sm-im-16 brz-fs-xs-im-14 brz-css-wW0ht\"><a class=\"brz-cp-color8 link--external\" href=\"http:\/\/www.smpba.fr\" data-brz-link-type=\"external\" target=\"_blank\">smpba.fr <\/a><\/p>\n<\/div>\n<\/div>\n<\/div>\n<div id=\"\" class=\"brz-css-dF_fD brz-wrapper\">\n<div class=\"brz-image brz-css-rmpnc\" data-brz-custom-id=\"kxthclgbivubvjmwbxmhkrfqywnhrjvpwyph\"><img decoding=\"async\" class=\"brz-img\" src=\"https:\/\/itmeter.com\/avdo\/wp-content\/uploads\/brizy\/imgs\/mare\u0301e-184x160x0x11x184x138x1727243380.jpg\" alt=\"\" loading=\"lazy\"><\/div>\n<\/div>\n<div id=\"\" class=\"brz-css-dF_fD brz-css-i1S8T brz-wrapper\">\n<div class=\"brz-spacer brz-css-gHJjN brz-css-aPh5G\"><\/div>\n<\/div>\n<div id=\"\" class=\"brz-css-dF_fD brz-wrapper\">\n<div class=\"brz-rich-text brz-rich-text__custom brz-css-kofhc\" data-brz-custom-id=\"hkjjcnsjhyupkdnwzheirrbrkpuntpxonejj\">\n<div data-brz-translate-text=\"1\">\n<p class=\"brz-text-lg-center brz-mb-lg-10 brz-lh-lg-1_8 brz-lh-sm-im-undefined brz-lh-xs-im-1_8 brz-ls-lg-0_5 brz-ls-sm-im-undefined brz-ls-xs-im-3 brz-ff-raleway brz-ft-google brz-fw-lg-700 brz-fw-sm-im-undefined brz-fw-xs-im-600 brz-fs-lg-16 brz-fs-sm-im-17 brz-fs-xs-im-15 brz-css-frMmv\"><a class=\"link--external brz-cp-color8\" href=\"https:\/\/itmeter.com\/avdo\/wp-content\/uploads\/2020\/06\/statuts-smpba.pdf\" data-brz-link-type=\"external\"><strong><span>Les statuts du SMPBA <\/span><\/strong><\/a><\/p>\n<\/div>\n<\/div>\n<\/div>\n<div id=\"\" class=\"brz-css-dF_fD brz-css-i1S8T brz-wrapper\">\n<div class=\"brz-spacer brz-css-gHJjN brz-css-lEaht\"><\/div>\n<\/div>\n<\/div>\n<\/div>\n<\/div>\n<\/div>\n<\/div>\n<\/div>\n<\/div>\n<\/div>\n<\/div>\n<\/div>\n<\/section>\n<\/div>\n<p>    <!-- version:1735645245 --><\/p>\n","protected":false},"excerpt":{"rendered":"<p>Syndicat Mixte des Ports du Bassin d&rsquo;Arcachon ( SMPBA). Forme: : Etablissement Public Syndicat Mixte Missions &nbsp;&#8211;&nbsp;&nbsp;&nbsp;&nbsp;&nbsp;&nbsp;Assurer la gestion du domaine portuaire relevant de sa comp\u00e9tence, y compris d\u2019y assurer la police portuaire. &#8211;&nbsp;&nbsp;&nbsp;&nbsp;&nbsp;&nbsp;Entretenir l\u2019ensemble des infrastructures horizontales et verticales des ports et d\u2019en permettre ainsi un fonctionnement op\u00e9rationnel, r\u00e9glementaire et s\u00e9curis\u00e9. &#8211;&nbsp;&nbsp;&nbsp;&nbsp;&nbsp;&nbsp;R\u00e9aliser sur son [&hellip;]<\/p>\n","protected":false},"author":1,"featured_media":0,"parent":0,"menu_order":0,"comment_status":"closed","ping_status":"closed","template":"","meta":{"footnotes":"","_wp_rev_ctl_limit":""},"class_list":["post-7401","page","type-page","status-publish","hentry"],"brizy_media":[],"_links":{"self":[{"href":"https:\/\/itmeter.com\/avdo\/index.php?rest_route=\/wp\/v2\/pages\/7401","targetHints":{"allow":["GET"]}}],"collection":[{"href":"https:\/\/itmeter.com\/avdo\/index.php?rest_route=\/wp\/v2\/pages"}],"about":[{"href":"https:\/\/itmeter.com\/avdo\/index.php?rest_route=\/wp\/v2\/types\/page"}],"author":[{"embeddable":true,"href":"https:\/\/itmeter.com\/avdo\/index.php?rest_route=\/wp\/v2\/users\/1"}],"replies":[{"embeddable":true,"href":"https:\/\/itmeter.com\/avdo\/index.php?rest_route=%2Fwp%2Fv2%2Fcomments&post=7401"}],"version-history":[{"count":0,"href":"https:\/\/itmeter.com\/avdo\/index.php?rest_route=\/wp\/v2\/pages\/7401\/revisions"}],"wp:attachment":[{"href":"https:\/\/itmeter.com\/avdo\/index.php?rest_route=%2Fwp%2Fv2%2Fmedia&parent=7401"}],"curies":[{"name":"wp","href":"https:\/\/api.w.org\/{rel}","templated":true}]}}