{"id":4054,"date":"2020-03-14T19:58:12","date_gmt":"2020-03-14T18:58:12","guid":{"rendered":"http:\/\/itmeter.com\/avdo\/?page_id=4054"},"modified":"2026-02-10T10:23:41","modified_gmt":"2026-02-10T09:23:41","slug":"votre-avis","status":"publish","type":"page","link":"https:\/\/itmeter.com\/avdo\/?page_id=4054","title":{"rendered":"Votre Avis"},"content":{"rendered":"<div class=\"brz-root__container brz-reset-all brz\">\n<section id=\"_lmpguigenbqmvwtueukzgudyjknblvyvmrbx\" class=\"brz-section brz-css-cW70n brz-css-kCqXv\">\n<div class=\"brz-section__content brz-section--boxed brz-css-bqUF0 brz-css-s8ro4\" data-brz-custom-id=\"facfxpnpvgfujzvptoxlktcgoptvtisjqmhu\">\n<div class=\"brz-bg\">\n<div class=\"brz-bg-image\"><\/div>\n<div class=\"brz-bg-color\"><\/div>\n<\/div>\n<div class=\"brz-container brz-css-drhf8\">\n<div class=\"brz-row__container brz-css-o2_IK\" data-brz-custom-id=\"mfuzerfuoxifgyvldreolgnktbtcrcjzffff\">\n<div class=\"brz-bg\"><\/div>\n<div class=\"brz-row brz-css-eeuDa brz-css-nZsl_\">\n<div class=\"brz-columns brz-css-wAaOX brz-css-nWjDg\" data-brz-custom-id=\"bbcpeqruqdqiioinyymopxrbekjrsrxqcwpf\">\n<div class=\"brz-bg\"><\/div>\n<div class=\"brz-column__items brz-css-iDJAp brz-css-fqSIy\">\n<div id=\"\" class=\"brz-css-bYXln brz-wrapper\">\n<div class=\"brz-rich-text brz-rich-text__custom brz-css-m6eqm\" data-brz-custom-id=\"potxmkrkbhtdezxvlhjecwqjhdvjsknapjrf\">\n<div data-brz-translate-text=\"1\">\n<h2 class=\"brz-tp-heading2 brz-text-xs-center brz-css-nu7t0\"><span class=\"brz-cp-color2\"><span>Donnez votre avis<\/span><\/span><\/h2>\n<\/div>\n<\/div>\n<\/div>\n<div id=\"\" class=\"brz-css-bYXln brz-wrapper\">\n<div class=\"brz-rich-text brz-rich-text__custom brz-css-m6eqm\" data-brz-custom-id=\"evwdyvkwajvwbuxftjvpwqwyqhzuqzrvlpko\">\n<div data-brz-translate-text=\"1\">\n<p class=\"brz-text-xs-center brz-tp-subtitle brz-css-dE8sQ\"><strong class=\"brz-cp-color3\"><em>Un avis, une r\u00e9action, une contribution&#8230;<\/em><\/strong><\/p>\n<\/div>\n<\/div>\n<\/div>\n<div id=\"\" class=\"brz-css-bYXln brz-wrapper\">\n<div class=\"brz-icon-text brz-css-m0M3U\" data-brz-custom-id=\"mflzqzqqnylhuvfvjelvtdkydiworlphctjh\">\n<div class=\"brz-icon__container\" data-brz-custom-id=\"iconjblkxugzcgqmslcjpquyvbjnvtqqtxjw\"><span class=\"brz-icon brz-span brz-css-nx1SL brz-css-eCRiR\"><\/span><\/div>\n<div class=\"brz-text-btn\">\n<div class=\"brz-rich-text brz-rich-text__custom brz-css-m6eqm\" data-brz-custom-id=\"arbqkcnakyunxdhiwuetqabvddmyourhvvat\">\n<div data-brz-translate-text=\"1\">\n<h5 class=\"brz-tp-heading5 brz-mb-lg-14 brz-css-xwW7O\"><span class=\"brz-cp-color2\"><span>Donner votre avis, soumettre une id\u00e9e<\/span><\/span><\/h5>\n<p class=\"brz-tp-paragraph brz-css-eDD3U\"><span class=\"brz-cp-color7\"><span>Vous souhaitez r\u00e9agir \u00e0 une proposition ou une news, donner votre opinion.<\/span><\/span><\/p>\n<p class=\"brz-tp-paragraph brz-css-arUbz\"><span class=\"brz-cp-color7\"><span> <\/span><\/span><\/p>\n<p class=\"brz-tp-paragraph brz-css-o_MQL\"><span class=\"brz-cp-color7\"><span>Vous souhaitez proposer une id\u00e9e&#8230;.<\/span><\/span><\/p>\n<\/div>\n<\/div>\n<\/div>\n<\/div>\n<\/div>\n<div id=\"\" class=\"brz-css-bYXln brz-wrapper\">\n<div class=\"brz-icon-text brz-css-m0M3U\" data-brz-custom-id=\"muiwekhlpfemjljzrhajsduwfkazmvjgaggm\">\n<div class=\"brz-icon__container\" data-brz-custom-id=\"mmsxqpckvkqehhqpuhxetubisitnpfbgxsuj\"><span class=\"brz-icon brz-span brz-css-nx1SL brz-css-gDpcG\"><\/span><\/div>\n<div class=\"brz-text-btn\">\n<div class=\"brz-rich-text brz-rich-text__custom brz-css-m6eqm\" data-brz-custom-id=\"qmopvvvknwmustmtehkwtoulpsmxjcfmtdid\">\n<div data-brz-translate-text=\"1\">\n<p class=\"brz-tp-paragraph brz-text-lg-justify brz-css-ceyvm\"><span class=\"brz-cp-color7\"><span>Vous pouvez t\u00e9l\u00e9charger une image ou un document pour illustrer votre proposition.<\/span><span> <\/span><\/span><\/p>\n<\/div>\n<\/div>\n<\/div>\n<\/div>\n<\/div>\n<div id=\"\" class=\"brz-css-bYXln brz-css-pi57Z brz-wrapper\">\n<div class=\"brz-wp-shortcode brz-css-oa8CF\" data-brz-custom-id=\"nsddnkamtetsrdplgvewsbqvpntvaqafvccz\">\n<div>[user-submitted-posts]<\/div>\n<\/div>\n<\/div>\n<\/div>\n<\/div>\n<div class=\"brz-columns brz-css-wAaOX brz-css-vVOZm\" data-brz-custom-id=\"fwcpwsgilkhpypwddzmnsrkorjnuuwdqprjg\">\n<div class=\"brz-bg\">\n<div class=\"brz-bg-color\"><\/div>\n<\/div>\n<div class=\"brz-column__items brz-css-iDJAp brz-css-ppQGp\">\n<div id=\"\" class=\"brz-css-bYXln brz-wrapper\">\n<div class=\"brz-image brz-css-ktuBh brz-css-lYjuu\" data-brz-custom-id=\"zbromaqajurcqbtnwywyndmztywkdggpamim\"><img decoding=\"async\" class=\"brz-img\" src=\"https:\/\/itmeter.com\/avdo\/wp-content\/uploads\/brizy\/imgs\/port-et-pinasse-493x649x5x0x484x649x1727243374.jpg\" alt=\"\" loading=\"lazy\"><\/div>\n<\/div>\n<\/div>\n<\/div>\n<\/div>\n<\/div>\n<\/div>\n<\/div>\n<\/section>\n<\/div>\n<p>    <!-- version:1735584673 --><\/p>\n","protected":false},"excerpt":{"rendered":"<p>Donnez votre avis Un avis, une r\u00e9action, une contribution&#8230; Donner votre avis, soumettre une id\u00e9e Vous souhaitez r\u00e9agir \u00e0 une proposition ou une news, donner votre opinion. Vous souhaitez proposer une id\u00e9e&#8230;. Vous pouvez t\u00e9l\u00e9charger une image ou un document pour illustrer votre proposition. [user-submitted-posts]<\/p>\n","protected":false},"author":1,"featured_media":0,"parent":0,"menu_order":0,"comment_status":"closed","ping_status":"closed","template":"","meta":{"footnotes":"","_wp_rev_ctl_limit":""},"class_list":["post-4054","page","type-page","status-publish","hentry"],"brizy_media":[{"id":4693,"url":"https:\/\/itmeter.com\/avdo\/wp-content\/uploads\/2020\/03\/port-et-pinasse.jpg","name":"port-et-pinasse.jpg","meta":{"brizy_attachment_uid":"wp-b93bed98ce62d5cd01a2940645620210","brizy_post_uid":["c2911bb713da09cf12b07dd6a2b9045c","d8a01deab2e7bbbbf61a3565dd1ad1d0","aa9983e21bb8e3988b23a7ab1623db89"]}}],"_links":{"self":[{"href":"https:\/\/itmeter.com\/avdo\/index.php?rest_route=\/wp\/v2\/pages\/4054","targetHints":{"allow":["GET"]}}],"collection":[{"href":"https:\/\/itmeter.com\/avdo\/index.php?rest_route=\/wp\/v2\/pages"}],"about":[{"href":"https:\/\/itmeter.com\/avdo\/index.php?rest_route=\/wp\/v2\/types\/page"}],"author":[{"embeddable":true,"href":"https:\/\/itmeter.com\/avdo\/index.php?rest_route=\/wp\/v2\/users\/1"}],"replies":[{"embeddable":true,"href":"https:\/\/itmeter.com\/avdo\/index.php?rest_route=%2Fwp%2Fv2%2Fcomments&post=4054"}],"version-history":[{"count":0,"href":"https:\/\/itmeter.com\/avdo\/index.php?rest_route=\/wp\/v2\/pages\/4054\/revisions"}],"wp:attachment":[{"href":"https:\/\/itmeter.com\/avdo\/index.php?rest_route=%2Fwp%2Fv2%2Fmedia&parent=4054"}],"curies":[{"name":"wp","href":"https:\/\/api.w.org\/{rel}","templated":true}]}}