{"id":26817,"date":"2023-05-27T19:32:19","date_gmt":"2023-05-27T17:32:19","guid":{"rendered":"https:\/\/itmeter.com\/avdo\/?page_id=26817"},"modified":"2026-02-10T11:17:54","modified_gmt":"2026-02-10T10:17:54","slug":"jep2023","status":"publish","type":"page","link":"https:\/\/itmeter.com\/avdo\/?page_id=26817","title":{"rendered":"JEP2023"},"content":{"rendered":"<div class=\"brz-root__container brz-reset-all brz\">\n<section id=\"_icbkzunagopxaugazglmtnmudgekxrsowjyv\" class=\"brz-section brz-css-f5rPM\">\n<div class=\"brz-section__content brz-section--boxed brz-css-wYq6P brz-css-yMLQ1\" data-brz-custom-id=\"jkcyxhnrgqyrepewnapsgzskukmtclyzpjgp\">\n<div class=\"brz-bg\">\n<div class=\"brz-bg-image\"><\/div>\n<div class=\"brz-bg-color\"><\/div>\n<\/div>\n<div class=\"brz-container brz-css-txk30 brz-css-oMbHi\">\n<div id=\"\" class=\"brz-css-avHu3 brz-css-dyhjk brz-wrapper\">\n<div class=\"brz-rich-text brz-rich-text__custom brz-css-vm0l9\" data-brz-custom-id=\"ggbqrqnjjktapixbafemuzcqymrccctxpovx\">\n<div data-brz-translate-text=\"1\">\n<h1 class=\"brz-lh-lg-1_5 brz-ls-lg-0 brz-fw-lg-500 brz-fss-lg-px brz-fs-lg-41 brz-ft-google brz-ff-raleway brz-tp-lg-empty brz-mt-lg-20 brz-text-lg-center brz-css-zIy49\" data-generated-css=\"brz-css-nklbw\" data-uniq-id=\"gdlry\"><span class=\"brz-cp-color8\">Journ\u00e9es Europ\u00e9ennes du Patrimoine 2023<\/span><\/h1>\n<h1 class=\"brz-ft-google brz-ff-raleway brz-tp-lg-empty brz-lh-lg-1_5 brz-ls-lg-0 brz-fw-lg-500 brz-fss-lg-px brz-mt-lg-20 brz-text-lg-center brz-fs-lg-31 brz-css-iwBHF\" data-generated-css=\"brz-css-ghnmv\" data-uniq-id=\"byzdj\"><span class=\"brz-cp-color8\">16 et 17 Septembre<\/span><\/h1>\n<h1 class=\"brz-ft-google brz-ff-raleway brz-tp-lg-empty brz-lh-lg-1_5 brz-ls-lg-0 brz-fw-lg-500 brz-fss-lg-px brz-mt-lg-20 brz-text-lg-center brz-fs-lg-31 brz-css-ymYZ6\" data-generated-css=\"brz-css-ghnmv\" data-uniq-id=\"byzdj\"><span class=\"brz-cp-color8\">\u00e0 La Teste-de-Buch <\/span><\/h1>\n<\/div>\n<\/div>\n<\/div>\n<\/div>\n<\/div>\n<\/section>\n<section id=\"_wbughgdygygculqscklijcieheordtcylvcl\" class=\"brz-section brz-css-f5rPM\">\n<div class=\"brz-section__content brz-section--boxed brz-css-wYq6P brz-css-s07P5\" data-brz-custom-id=\"kgtcdwdalgdzaxltnjhsfgroapvlwiagzzgl\">\n<div class=\"brz-bg\">\n<div class=\"brz-bg-color\"><\/div>\n<\/div>\n<div class=\"brz-container brz-css-txk30 brz-css-rsf6v\">\n<div class=\"brz-row__container brz-css-bF_NT\" data-brz-custom-id=\"rjifrqbxrjhxscbmzdphdpnlnmlfwxnvudnw\">\n<div class=\"brz-bg\"><\/div>\n<div class=\"brz-row brz-css-olDSV\">\n<div class=\"brz-columns brz-css-b3avy brz-css-u2uSW\" data-brz-custom-id=\"vbtuvyceaxbsygatsoojqmjrsqumfppwtzyg\">\n<div class=\"brz-bg\"><\/div>\n<div class=\"brz-column__items brz-css-stJe3\">\n<div id=\"\" class=\"brz-css-avHu3 brz-wrapper\">\n<div class=\"brz-rich-text brz-rich-text__custom brz-css-vm0l9\" data-brz-custom-id=\"cuqvihzxvyqsgnnxqiokzdoqizvdcbcwcxlg\">\n<div data-brz-translate-text=\"1\">\n<h1 class=\"brz-text-lg-center brz-tp-lg-heading1 brz-css-uUj9D\" data-generated-css=\"brz-css-pdkje\" data-uniq-id=\"jlard\"><span style=\"opacity: 1\">Des conf\u00e9rences et des visites guid\u00e9es <\/span><\/h1>\n<\/div>\n<\/div>\n<\/div>\n<\/div>\n<\/div>\n<\/div>\n<\/div>\n<div id=\"\" class=\"brz-css-avHu3 brz-css-lx2Rd brz-wrapper\">\n<div class=\"brz-rich-text brz-rich-text__custom brz-css-vm0l9\" data-brz-custom-id=\"wmunqoxaygggijbqeeudqurxrnfbfsibynzu\">\n<div data-brz-translate-text=\"1\">\n<h4 class=\"brz-text-lg-center brz-tp-lg-empty brz-ff-lato brz-ft-google brz-fs-lg-28 brz-fss-lg-px brz-fw-lg-400 brz-ls-lg-0 brz-lh-lg-1_2 brz-css-t7Znz\" data-generated-css=\"brz-css-szhvo\" data-uniq-id=\"pnyer\"><span class=\"brz-cp-color7\">Organis\u00e9es par l&rsquo;association AVDO<\/span><\/h4>\n<h4 class=\"brz-text-lg-center brz-tp-lg-empty brz-ff-lato brz-ft-google brz-fs-lg-28 brz-fss-lg-px brz-fw-lg-400 brz-ls-lg-0 brz-lh-lg-1_2 brz-css-o3jP9\" data-generated-css=\"brz-css-yhuli\" data-uniq-id=\"qkvzr\"><span class=\"brz-cp-color7\">En collaboration. avec la mairie de La  Teste-de-Buch <\/span><\/h4>\n<\/div>\n<\/div>\n<\/div>\n<div id=\"\" class=\"brz-css-avHu3 brz-css-xGfoM brz-wrapper\">\n<div class=\"brz-spacer brz-css-vsEw3 brz-css-rLoe2\"><\/div>\n<\/div>\n<div class=\"brz-row__container brz-css-bF_NT\" data-brz-custom-id=\"khcqhiyepdvsegqpdnuylabxuggufuaogqbl\">\n<div class=\"brz-bg\"><\/div>\n<div class=\"brz-row brz-css-olDSV brz-css-zHRms\">\n<div class=\"brz-columns brz-css-b3avy brz-css-hq_z7\" data-brz-custom-id=\"uulsfecwzstpqwzbimklusdxkswxewytszei\">\n<div class=\"brz-bg\"><\/div>\n<div class=\"brz-column__items brz-css-stJe3\">\n<div id=\"\" class=\"brz-css-avHu3 brz-css-tE4Rh brz-wrapper\">\n<div class=\"brz-image brz-css-eQmle\" data-brz-custom-id=\"dfvngcyldxturdflvzjkkdmyprbjggwpdhhx\"><img decoding=\"async\" class=\"brz-img\" src=\"https:\/\/itmeter.com\/avdo\/wp-content\/uploads\/brizy\/imgs\/conf-biblio-305x227x0x0x305x227x1727243346.jpg\" alt=\"\" loading=\"lazy\"><\/div>\n<\/div>\n<div id=\"\" class=\"brz-css-avHu3 brz-wrapper\">\n<div class=\"brz-rich-text brz-rich-text__custom brz-css-vm0l9\" data-brz-custom-id=\"ovjtxizqkonpsscxomkffsmsxqqogjqhlhxf\">\n<div data-brz-translate-text=\"1\">\n<h5 class=\"brz-tp-lg-heading5 brz-text-lg-center brz-css-uTvnI\" data-generated-css=\"brz-css-pdwnd\" data-uniq-id=\"kphtn\"><a class=\"link--external brz-cp-color7\" href=\"https:\/\/www.google.com\/maps\/d\/u\/0\/edit?mid=1GoBF8-5enjrzc7TBYihLLSjTtZALyac&amp;usp=sharing\" data-brz-link-type=\"external\" target=\"_blank\"><em>Acc\u00e8s et itin\u00e9raire&#8230;.<\/em><\/a><\/h5>\n<\/div>\n<\/div>\n<\/div>\n<\/div>\n<\/div>\n<div class=\"brz-columns brz-css-b3avy brz-css-yjulT\" data-brz-custom-id=\"svtzbavvpqbnqoazkkzkoscolhdphphocpri\">\n<div class=\"brz-bg\">\n<div class=\"brz-bg-color\"><\/div>\n<\/div>\n<div class=\"brz-column__items brz-css-stJe3 brz-css-rdzEi\">\n<div id=\"\" class=\"brz-css-avHu3 brz-wrapper\">\n<div class=\"brz-rich-text brz-rich-text__custom brz-css-vm0l9\" data-brz-custom-id=\"fkpkklzvhttpiwsanzachpkyvhwcxwfziwjr\">\n<div data-brz-translate-text=\"1\">\n<h3 class=\"brz-tp-lg-heading3 brz-css-rhdzs\" data-uniq-id=\"zbzmr\" data-generated-css=\"brz-css-qtkya\"><strong class=\"brz-cp-color5\">Samedi 16 septembre<\/strong><\/h3>\n<\/div>\n<\/div>\n<\/div>\n<div id=\"\" class=\"brz-css-avHu3 brz-wrapper\">\n<div class=\"brz-rich-text brz-rich-text__custom brz-css-vm0l9\" data-brz-custom-id=\"haptkkpebugryavbyvqccwbclsjeejdsbbke\">\n<div data-brz-translate-text=\"1\">\n<h6 class=\"brz-tp-lg-heading6 brz-css-cHHVd\" data-uniq-id=\"nwwuj\" data-generated-css=\"brz-css-vuqdv\"><em class=\"brz-cp-color7\">10h<\/em><span class=\"brz-cp-color7\">&nbsp;&#8211;&nbsp;Propulsion \u00e9lectrique: l&rsquo;avenir de la Pinasse ?<\/span><\/h6>\n<h6 class=\"ql-align-justify brz-tp-lg-button brz-css-zfmdC\" data-uniq-id=\"rczpu\" data-generated-css=\"brz-css-xvytp\"><em class=\"brz-cp-color7\">Par <\/em><strong class=\"brz-cp-color7\"><em>Virgile Lauga. Dirigeant et fondateur de E-Marine<\/em><\/strong><\/h6>\n<p class=\"brz-tp-lg-paragraph ql-align-justify brz-css-vaI3L\" data-uniq-id=\"xezoj\" data-generated-css=\"brz-css-tiodx\"><em class=\"brz-cp-color7\">Apr\u00e8s un historique rapide de la rame, de la voile et de la motorisation, on abordera la r\u00e9novation et la construction de pinasses \u00e9lectriques ainsi que l&rsquo;\u00e9volution des modes de propri\u00e9t\u00e9 et de partage.<\/em><\/p>\n<p class=\"brz-tp-lg-paragraph brz-css-e6buE\" data-uniq-id=\"envvd\" data-generated-css=\"brz-css-ockhc\"><\/p>\n<h6 class=\"brz-tp-lg-heading6 brz-css-xOrbN\" data-uniq-id=\"dnihz\" data-generated-css=\"brz-css-zdgqg\"><span class=\"brz-cp-color7\"> 10 h 45 &#8211; Architecture du Quartier du Canelot<\/span><\/h6>\n<h6 class=\"brz-tp-lg-button brz-css-rR5Nu\" data-uniq-id=\"suste\" data-generated-css=\"brz-css-etzux\"><em class=\"brz-cp-color7\">Par Philippe Vacheron &#8211; Architecte de la ville de La Teste<\/em><\/h6>\n<p class=\"brz-tp-lg-paragraph brz-lh-lg-1_2 brz-ls-lg-1 brz-fw-lg-500 brz-fss-lg-px brz-fs-lg-14 brz-ft-google brz-ff-raleway brz-css-jM27b\" data-uniq-id=\"cjoor\" data-generated-css=\"brz-css-ropeg\"><em class=\"brz-cp-color7\">H\u00e9ritage moderne des cabanes ostr\u00e9icoles dans les habitations r\u00e9sidentielles.<\/em><\/p>\n<h6 class=\"brz-tp-lg-heading6 brz-css-kYp3t\" data-uniq-id=\"cdmuf\" data-generated-css=\"brz-css-jzedc\"><span class=\"brz-cp-color7\">11h &#8211; 30 &#8211; Histoire et \u00e9volution du quartier du Canelot<\/span><\/h6>\n<h6 class=\"brz-tp-lg-button brz-css-nKn54\" data-uniq-id=\"jxoiv\" data-generated-css=\"brz-css-mogxb\"><em class=\"brz-cp-color7\">Par Yvon Corcia<\/em><span class=\"brz-cp-color7\"> &#8211; Pr\u00e9sident de Avdo<\/span><\/h6>\n<p class=\"brz-tp-lg-paragraph brz-css-tm07F\" data-uniq-id=\"xxcrq\" data-generated-css=\"brz-css-hrrxe\">De 1841 \u00e0 nos jours , histoire des activit\u00e9s ostr\u00e9icoles, construction navale, Construction du Canelot , Ecluse, Bassin de la Maline<\/p>\n<\/div>\n<\/div>\n<\/div>\n<div class=\"brz-wrapper-clone brz-css-m0bD0 brz-css-ptLHA\">\n<div class=\"brz-d-xs-flex brz-flex-xs-wrap brz-css-eJaSM brz-css-woCsr\" data-brz-custom-id=\"\">\n<div class=\"brz-wrapper-clone__item\" id=\"xmqfaezrpqsouwgfuihystqrlmbwzceyzrsy\"><a class=\"brz-a brz-btn brz-css-dhQ0_ brz-css-qL18i brz-css-dVdHS brz-css-qFeK4\" href=\"mailto:contact@avdo.fr ?subject= JEP 2023 inscription conf\u00e9rences Biblio la Teste &amp;body= indiquer SVP : nom , pr\u00e9nom  et la ou les conf\u00e9rences auxquelles vous souhaitez assister.\" target=\"_self\" rel=\"noopener\" data-brz-link-type=\"external\" data-brz-custom-id=\"xmqfaezrpqsouwgfuihystqrlmbwzceyzrsy\"><span data-brz-translate-text=\"1\" class=\"brz-span brz-text__editor\">S&rsquo;inscrire aux conf\u00e9rences<\/span><\/a><\/div>\n<\/div>\n<\/div>\n<\/div>\n<\/div>\n<\/div>\n<\/div>\n<div id=\"\" class=\"brz-css-avHu3 brz-css-xGfoM brz-css-mjvuS brz-wrapper\">\n<div class=\"brz-spacer brz-css-vsEw3 brz-css-pr1tw\"><\/div>\n<\/div>\n<div class=\"brz-row__container brz-css-bF_NT brz-css-cQcV_\" data-brz-custom-id=\"mrwenhdhvxzetuueiaqncmqgodlpjotgfgdx\">\n<div class=\"brz-bg\"><\/div>\n<div class=\"brz-row brz-css-olDSV brz-css-zHRms\">\n<div class=\"brz-columns brz-css-b3avy brz-css-gUGHb\" data-brz-custom-id=\"ulvepmqrgwtxonuoewqqpvedjefkobohjkal\">\n<div class=\"brz-bg\">\n<div class=\"brz-bg-color\"><\/div>\n<\/div>\n<div class=\"brz-column__items brz-css-stJe3 brz-css-q9fPf\">\n<div id=\"\" class=\"brz-css-avHu3 brz-wrapper\">\n<div class=\"brz-rich-text brz-rich-text__custom brz-css-vm0l9\" data-brz-custom-id=\"mdlauzovnvuhamhtlvqzeacdjptdjjupibev\">\n<div data-brz-translate-text=\"1\">\n<h3 class=\"brz-tp-lg-heading3 brz-css-jjPRb\" data-generated-css=\"brz-css-qrdpm\" data-uniq-id=\"qfvul\"><strong class=\"brz-cp-color5\">Samedi 16 septembre &#8211; 14h<\/strong><\/h3>\n<h3 class=\"brz-tp-lg-heading3 brz-css-wKsYp\" data-generated-css=\"brz-css-qrdpm\" data-uniq-id=\"qfvul\"><strong class=\"brz-cp-color5\">Dimanche 17 septembre &#8211; 10 h <\/strong><\/h3>\n<\/div>\n<\/div>\n<\/div>\n<div id=\"\" class=\"brz-css-avHu3 brz-wrapper\">\n<div class=\"brz-rich-text brz-rich-text__custom brz-css-vm0l9\" data-brz-custom-id=\"xkblcgbapmcdxytmebbzmapsxeitrtflnadp\">\n<div data-brz-translate-text=\"1\">\n<ul>\n<li class=\"brz-tp-lg-paragraph brz-css-zLLJX\" data-generated-css=\"brz-css-wzytv\" data-uniq-id=\"gpcww\"><span class=\"brz-cp-color7\" style=\"color: windowtext\">Historique du quartier <\/span><span class=\"brz-cp-color7\">Formation du quartier surgi des eaux \u00e0 partir de 1841, creusement du port et endiguement<\/span><\/li>\n<li class=\"brz-tp-lg-paragraph brz-bcp-color7 brz-css-mC5t_\" data-generated-css=\"brz-css-jytxr\" data-uniq-id=\"onprf\"><span class=\"brz-cp-color7\">Histoire de l\u2019activit\u00e9 ostr\u00e9icole \/moules\/bassins \u00e0 poisson<\/span><\/li>\n<li class=\"brz-tp-lg-paragraph brz-bcp-color7 brz-css-pllXp\" data-generated-css=\"brz-css-iuhme\" data-uniq-id=\"jojis\"><span class=\"brz-cp-color7\">Activit\u00e9 industrielle &#8211; chantier Boy\u00e9<\/span><\/li>\n<li class=\"brz-tp-lg-paragraph brz-bcp-color7 brz-css-tN0cl\" data-generated-css=\"brz-css-cjrah\" data-uniq-id=\"qthfq\"><span class=\"brz-cp-color7\">Creusement du canelot, \u00e9cluse \u00e0 sas et Maline<\/span><\/li>\n<li class=\"brz-tp-lg-paragraph brz-bcp-color7 brz-css-po7Lz\" data-generated-css=\"brz-css-cscrr\" data-uniq-id=\"qnygf\"><span class=\"brz-cp-color7\">Submersion de 1951, histoire de la propri\u00e9t\u00e9 priv\u00e9e\/domaine public<\/span><\/li>\n<li class=\"brz-tp-lg-paragraph brz-bcp-color7 brz-css-qhad4\" data-generated-css=\"brz-css-wlekg\" data-uniq-id=\"fawmx\"><span class=\"brz-cp-color7\">Evolution du quartier vers les activit\u00e9s r\u00e9sidentielles<\/span><\/li>\n<\/ul>\n<p class=\"brz-tp-lg-paragraph brz-css-rS0Lx\" data-generated-css=\"brz-css-hbezt\" data-uniq-id=\"uhlbs\"><\/p>\n<\/div>\n<\/div>\n<\/div>\n<div class=\"brz-row__container brz-css-bF_NT\" data-brz-custom-id=\"seawduynirqlaiojwgosgloftgsdgbkbwqzh\">\n<div class=\"brz-bg\"><\/div>\n<div class=\"brz-row brz-row--inner brz-css-olDSV\">\n<div class=\"brz-columns brz-css-b3avy brz-css-ehHoN\" data-brz-custom-id=\"kbfsywmvzbtxagggkkwoqqddmpgcxeamwpkk\">\n<div class=\"brz-bg\"><\/div>\n<div class=\"brz-column__items brz-css-stJe3\">\n<div id=\"\" class=\"brz-css-avHu3 brz-css-tfYh3 brz-wrapper\">\n<div class=\"brz-rich-text brz-rich-text__custom brz-css-vm0l9\" data-brz-custom-id=\"ppamsqcfmqeihstiswhgoetsitwlkkncwmis\">\n<div data-brz-translate-text=\"1\">\n<p class=\"brz-mt-lg-23 brz-tp-lg-paragraph brz-css-cmCkl\" data-uniq-id=\"auemq\" data-generated-css=\"brz-css-chxlj\"><em class=\"brz-cp-color7\">Visites et Exposition de panneaux p\u00e9dagogiques Organis\u00e9s avec HTBA <\/em><\/p>\n<\/div>\n<\/div>\n<\/div>\n<\/div>\n<\/div>\n<div class=\"brz-columns brz-css-b3avy brz-css-f2X7G\" data-brz-custom-id=\"dizjgymjcolaxnuuylownmcaykhgstvxjmbx\">\n<div class=\"brz-bg\"><\/div>\n<div class=\"brz-column__items brz-css-stJe3\">\n<div id=\"\" class=\"brz-css-avHu3 brz-css-rfcB9 brz-wrapper\">\n<div class=\"brz-image brz-css-yZYf9\" data-brz-custom-id=\"vqzgagpzzkayjfsghjjqsmmunztgiubwoufs\"><img decoding=\"async\" class=\"brz-img\" src=\"https:\/\/itmeter.com\/avdo\/wp-content\/uploads\/brizy\/imgs\/logo-HTBA-89x86x0x0x89x86x1727243347.png\" alt=\"\" loading=\"lazy\"><\/div>\n<\/div>\n<\/div>\n<\/div>\n<\/div>\n<\/div>\n<div class=\"brz-wrapper-clone brz-css-m0bD0\">\n<div class=\"brz-d-xs-flex brz-flex-xs-wrap brz-css-eJaSM brz-css-c3ir3\" data-brz-custom-id=\"\">\n<div class=\"brz-wrapper-clone__item\" id=\"yxdckwvzfgugtyuatjxctvcwmbuqxmfhtjsr\"><a class=\"brz-a brz-btn brz-css-dhQ0_ brz-css-lKSpC brz-css-dVdHS brz-css-vSxqT\" href=\"mailto:contact@avdo.fr ?subject= JEP 2023 inscription Visites quartier du canelot &amp;body= indiquer SVP : nom, pr\u00e9nom  et la visite \u00e0 laquelle vous souhaitez participer: samedi  ou dimanche.\" target=\"_self\" rel=\"noopener\" data-brz-link-type=\"external\" data-brz-custom-id=\"yxdckwvzfgugtyuatjxctvcwmbuqxmfhtjsr\"><span data-brz-translate-text=\"1\" class=\"brz-span brz-text__editor\">S&rsquo;inscrire aux visites<\/span><\/a><\/div>\n<\/div>\n<\/div>\n<\/div>\n<\/div>\n<div class=\"brz-columns brz-css-b3avy brz-css-ve9Mu\" data-brz-custom-id=\"nfgiyrkibhutjswiupdiebizwbxchnwytjox\">\n<div class=\"brz-bg\"><\/div>\n<div class=\"brz-column__items brz-css-stJe3\">\n<div id=\"\" class=\"brz-css-avHu3 brz-css-oGoyM brz-wrapper\">\n<div class=\"brz-image brz-css-fdmRG\" data-brz-custom-id=\"bldpbowusqdrhwyqdcoayquxhlnpftmbbooj\"><img decoding=\"async\" class=\"brz-img\" src=\"https:\/\/itmeter.com\/avdo\/wp-content\/uploads\/brizy\/imgs\/Capture-decran-2023-05-28-a-16.48.13-351x226x0x0x351x226x1727243346.png\" alt=\"\" loading=\"lazy\"><\/div>\n<\/div>\n<div id=\"\" class=\"brz-css-avHu3 brz-wrapper\">\n<div class=\"brz-image brz-css-htFaZ\" data-brz-custom-id=\"dzsssjtqtzzlnxkybwyyafzngcdaowegxywd\"><img decoding=\"async\" class=\"brz-img\" src=\"https:\/\/itmeter.com\/avdo\/wp-content\/uploads\/brizy\/imgs\/rdv-port-copie-2-105x85x0x0x105x85x1727243346.jpg\" alt=\"\" loading=\"lazy\"><\/div>\n<\/div>\n<div id=\"\" class=\"brz-css-avHu3 brz-wrapper\">\n<div class=\"brz-rich-text brz-rich-text__custom brz-css-vm0l9\" data-brz-custom-id=\"fqwoblrgofehjyxmjbkackteslqqyzsgyyck\">\n<div data-brz-translate-text=\"1\">\n<h5 data-uniq-id=\"iwqfb\" data-generated-css=\"brz-css-chrrb\" class=\"brz-text-lg-center brz-fss-lg-px brz-fw-lg-500 brz-ls-lg-0 brz-lh-lg-1_2 brz-tp-lg-empty brz-ff-raleway brz-ft-google brz-fs-lg-18 brz-css-cir_G\"><span>Rendez vous \u00e0 l&rsquo;entr\u00e9e de <\/span><\/h5>\n<h5 data-uniq-id=\"skgwz\" data-generated-css=\"brz-css-wzocl\" class=\"brz-text-lg-center brz-fss-lg-px brz-fw-lg-500 brz-ls-lg-0 brz-lh-lg-1_2 brz-tp-lg-empty brz-ff-raleway brz-ft-google brz-fs-lg-18 brz-css-wxyHR\"><span>l&rsquo;avenue des Ostr\u00e9iculteurs<\/span><\/h5>\n<\/div>\n<\/div>\n<\/div>\n<\/div>\n<\/div>\n<\/div>\n<\/div>\n<\/div>\n<\/div>\n<\/section>\n<section id=\"_jxvuhqgedgiibdogkxdgwwcfnwnmvpbvfovr\" class=\"brz-section brz-css-f5rPM\">\n<div class=\"brz-section__content brz-section--boxed brz-css-wYq6P brz-css-yiJ8G\" data-brz-custom-id=\"fzxygaihprehtvherhtscywyzqgoqagqslhg\">\n<div class=\"brz-bg\">\n<div class=\"brz-bg-image\"><\/div>\n<div class=\"brz-bg-color\"><\/div>\n<\/div>\n<div class=\"brz-container brz-css-txk30\">\n<div id=\"\" class=\"brz-css-avHu3 brz-wrapper\">\n<div class=\"brz-rich-text brz-rich-text__custom brz-css-vm0l9\" data-brz-custom-id=\"vwlffetmlsjgxfokkvlmpmtabmlkdyoekhvg\">\n<div data-brz-translate-text=\"1\">\n<h1 class=\"brz-tp-lg-heading1 brz-text-lg-center brz-css-uFleN\" data-uniq-id=\"jvtto\" data-generated-css=\"brz-css-grdod\"><span class=\"brz-cp-color2\">Les affiches<\/span><\/h1>\n<\/div>\n<\/div>\n<\/div>\n<div id=\"\" class=\"brz-css-avHu3 brz-css-xGfoM brz-wrapper\">\n<div class=\"brz-spacer brz-css-vsEw3\"><\/div>\n<\/div>\n<div class=\"brz-row__container brz-css-bF_NT\" data-brz-custom-id=\"kjledkpvrfpkliufisbolxamjvuhmizulfuv\">\n<div class=\"brz-bg\"><\/div>\n<div class=\"brz-row brz-css-olDSV brz-css-zHRms\">\n<div class=\"brz-columns brz-css-b3avy brz-css-fLwqe\" data-brz-custom-id=\"hydqteijezpqxrzkurhqyyrhypvowcxluica\">\n<div class=\"brz-bg\">\n<div class=\"brz-bg-color\"><\/div>\n<\/div>\n<div class=\"brz-column__items brz-css-stJe3 brz-css-rvcg6\">\n<div id=\"\" class=\"brz-css-avHu3 brz-wrapper\">\n<div class=\"brz-rich-text brz-rich-text__custom brz-css-vm0l9\" data-brz-custom-id=\"zlxjyzypypavfdtzdmlmyzmlvdvivopghzgb\">\n<div data-brz-translate-text=\"1\">\n<h4 class=\"brz-tp-lg-heading4 brz-css-lGit8\" data-uniq-id=\"ncwgx\" data-generated-css=\"brz-css-jfbll\"><\/h4>\n<\/div>\n<\/div>\n<\/div>\n<div id=\"\" class=\"brz-css-avHu3 brz-css-xGfoM brz-css-k3llH brz-wrapper\">\n<div class=\"brz-spacer brz-css-vsEw3 brz-css-iZPUM\"><\/div>\n<\/div>\n<div id=\"\" class=\"brz-css-avHu3 brz-css-xGfoM brz-wrapper\">\n<div class=\"brz-spacer brz-css-vsEw3 brz-css-qWTNc\"><\/div>\n<\/div>\n<\/div>\n<\/div>\n<div class=\"brz-columns brz-css-b3avy brz-css-kwUNj\" data-brz-custom-id=\"osgieglzhqlgjxawboevtwelsdprexfwoeik\">\n<div class=\"brz-bg\">\n<div class=\"brz-bg-color\"><\/div>\n<\/div>\n<div class=\"brz-column__items brz-css-stJe3 brz-css-yJXzp\">\n<div id=\"\" class=\"brz-css-avHu3 brz-css-bMmK8 brz-wrapper\">\n<div class=\"brz-image brz-css-ai2q_\" data-brz-custom-id=\"etaxbxccvzhagpnavefbofqwvhuaecxedhkl\"><img decoding=\"async\" class=\"brz-img\" src=\"https:\/\/itmeter.com\/avdo\/wp-content\/uploads\/brizy\/imgs\/visuel-conf-351x496x0x0x350x496x1727243341.jpg\" alt=\"\" loading=\"lazy\"><\/div>\n<\/div>\n<div id=\"\" class=\"brz-css-avHu3 brz-css-xGfoM brz-css-v5KJb brz-wrapper\">\n<div class=\"brz-spacer brz-css-vsEw3 brz-css-to0TZ\"><\/div>\n<\/div>\n<div id=\"\" class=\"brz-css-avHu3 brz-css-xGfoM brz-wrapper\">\n<div class=\"brz-spacer brz-css-vsEw3 brz-css-lIeo_\"><\/div>\n<\/div>\n<\/div>\n<\/div>\n<div class=\"brz-columns brz-css-b3avy brz-css-oF4kB\" data-brz-custom-id=\"vuhmvdofavcqirdzxpzjhwbymqzducansfek\">\n<div class=\"brz-bg\">\n<div class=\"brz-bg-color\"><\/div>\n<\/div>\n<div class=\"brz-column__items brz-css-stJe3 brz-css-h9ALx\">\n<div id=\"\" class=\"brz-css-avHu3 brz-wrapper\">\n<div class=\"brz-rich-text brz-rich-text__custom brz-css-vm0l9\" data-brz-custom-id=\"mkkqeimzvmgbnlgwruqnqkxrstbqffbuyijy\">\n<div data-brz-translate-text=\"1\">\n<h4 class=\"brz-tp-lg-heading4 brz-css-hemPy\" data-uniq-id=\"ncwgx\" data-generated-css=\"brz-css-jfbll\"><\/h4>\n<\/div>\n<\/div>\n<\/div>\n<div id=\"\" class=\"brz-css-avHu3 brz-css-xGfoM brz-css-gv4nu brz-wrapper\">\n<div class=\"brz-spacer brz-css-vsEw3 brz-css-b9opL\"><\/div>\n<\/div>\n<div id=\"\" class=\"brz-css-avHu3 brz-css-xGfoM brz-wrapper\">\n<div class=\"brz-spacer brz-css-vsEw3 brz-css-pQgm7\"><\/div>\n<\/div>\n<\/div>\n<\/div>\n<div class=\"brz-columns brz-css-b3avy brz-css-wkUqK\" data-brz-custom-id=\"pxqrrpxafzypsuqujfjaxtlvdyigrfzprcpt\">\n<div class=\"brz-bg\">\n<div class=\"brz-bg-color\"><\/div>\n<\/div>\n<div class=\"brz-column__items brz-css-stJe3 brz-css-uesQ5\">\n<div id=\"\" class=\"brz-css-avHu3 brz-css-nJ5g2 brz-wrapper\">\n<div class=\"brz-image brz-css-lmNey\" data-brz-custom-id=\"cfhedaqbmugnpspgrqhhoipkvjwknveqivbg\"><img decoding=\"async\" class=\"brz-img\" src=\"https:\/\/itmeter.com\/avdo\/wp-content\/uploads\/brizy\/imgs\/visuel-visites-354x500x0x1x354x499x1727243347.jpg\" alt=\"\" loading=\"lazy\"><\/div>\n<\/div>\n<div id=\"\" class=\"brz-css-avHu3 brz-css-xGfoM brz-css-r2V8R brz-wrapper\">\n<div class=\"brz-spacer brz-css-vsEw3 brz-css-niAjl\"><\/div>\n<\/div>\n<div id=\"\" class=\"brz-css-avHu3 brz-css-xGfoM brz-wrapper\">\n<div class=\"brz-spacer brz-css-vsEw3 brz-css-vtqxs\"><\/div>\n<\/div>\n<\/div>\n<\/div>\n<div class=\"brz-columns brz-css-b3avy brz-css-wSPtL\" data-brz-custom-id=\"bxijbgnoqbhclzqqzchbmkjcvwajjidrmbhm\">\n<div class=\"brz-bg\">\n<div class=\"brz-bg-color\"><\/div>\n<\/div>\n<div class=\"brz-column__items brz-css-stJe3 brz-css-cCqCT\">\n<div id=\"\" class=\"brz-css-avHu3 brz-wrapper\">\n<div class=\"brz-rich-text brz-rich-text__custom brz-css-vm0l9\" data-brz-custom-id=\"qnnltzgnaosjbzbymahzxwozrykfopvrevuw\">\n<div data-brz-translate-text=\"1\">\n<h4 class=\"brz-tp-lg-heading4 brz-css-qdULz\" data-uniq-id=\"ncwgx\" data-generated-css=\"brz-css-jfbll\"><\/h4>\n<\/div>\n<\/div>\n<\/div>\n<div id=\"\" class=\"brz-css-avHu3 brz-css-xGfoM brz-css-v45e4 brz-wrapper\">\n<div class=\"brz-spacer brz-css-vsEw3 brz-css-gSBab\"><\/div>\n<\/div>\n<div id=\"\" class=\"brz-css-avHu3 brz-css-xGfoM brz-wrapper\">\n<div class=\"brz-spacer brz-css-vsEw3 brz-css-jtSnR\"><\/div>\n<\/div>\n<\/div>\n<\/div>\n<\/div>\n<\/div>\n<\/div>\n<\/div>\n<\/section>\n<\/div>\n<p>    <!-- version:1735590792 --><\/p>\n","protected":false},"excerpt":{"rendered":"<p>Journ\u00e9es Europ\u00e9ennes du Patrimoine 2023 16 et 17 Septembre \u00e0 La Teste-de-Buch Des conf\u00e9rences et des visites guid\u00e9es Organis\u00e9es par l&rsquo;association AVDO En collaboration. avec la mairie de La Teste-de-Buch Acc\u00e8s et itin\u00e9raire&#8230;. Samedi 16 septembre 10h&nbsp;&#8211;&nbsp;Propulsion \u00e9lectrique: l&rsquo;avenir de la Pinasse ? Par Virgile Lauga. Dirigeant et fondateur de E-Marine Apr\u00e8s un historique rapide [&hellip;]<\/p>\n","protected":false},"author":1,"featured_media":0,"parent":0,"menu_order":0,"comment_status":"closed","ping_status":"closed","template":"visual-builder-template.php","meta":{"footnotes":"","_wp_rev_ctl_limit":""},"class_list":["post-26817","page","type-page","status-publish","hentry"],"brizy_media":[{"id":26822,"url":"https:\/\/itmeter.com\/avdo\/wp-content\/uploads\/2023\/05\/image-JEP-2.jpg","name":"image-JEP-2.jpg","meta":{"brizy_attachment_uid":"wp-83a410a6601b53f9595b25da861ec8f3.jpg","brizy_post_uid":["f79fc561e18f723d7513e98d878f05d9"]}},{"id":26833,"url":"https:\/\/itmeter.com\/avdo\/wp-content\/uploads\/2023\/05\/conf-biblio.jpg","name":"conf-biblio.jpg","meta":{"brizy_attachment_uid":"wp-888562a6015674c902a0e6e097636459.jpg","brizy_post_uid":["f79fc561e18f723d7513e98d878f05d9"]}},{"id":26904,"url":"https:\/\/itmeter.com\/avdo\/wp-content\/uploads\/2023\/05\/Capture-decran-2023-05-28-a-16.48.13.png","name":"Capture-decran-2023-05-28-a-16.48.13.png","meta":{"brizy_attachment_uid":"wp-24250bcbb57c27d3fe023ab546a48aea.png","brizy_post_uid":["f79fc561e18f723d7513e98d878f05d9"]}},{"id":26907,"url":"https:\/\/itmeter.com\/avdo\/wp-content\/uploads\/2023\/05\/rdv-port-copie-2.jpg","name":"rdv-port-copie-2.jpg","meta":{"brizy_attachment_uid":"wp-e4789cad3d44efea92a9a454baca36cc.jpg","brizy_post_uid":["f79fc561e18f723d7513e98d878f05d9"]}},{"id":26908,"url":"https:\/\/itmeter.com\/avdo\/wp-content\/uploads\/2023\/05\/logo-HTBA.png","name":"logo-HTBA.png","meta":{"brizy_attachment_uid":"wp-2f7143447c2636b98c3cbf78ab293235.png","brizy_post_uid":["f79fc561e18f723d7513e98d878f05d9"]}},{"id":27033,"url":"https:\/\/itmeter.com\/avdo\/wp-content\/uploads\/2023\/05\/affiche-conf.jpg","name":"affiche-conf.jpg","meta":{"brizy_attachment_uid":"wp-7c00c1bc63a7c462872b65c6ad158ede.jpg","brizy_post_uid":["f79fc561e18f723d7513e98d878f05d9"]}},{"id":27042,"url":"https:\/\/itmeter.com\/avdo\/wp-content\/uploads\/2023\/05\/visuel-visites.jpg","name":"visuel-visites.jpg","meta":{"brizy_attachment_uid":"wp-50423cb1e85b82c8776fd01627676068.jpg","brizy_post_uid":["f79fc561e18f723d7513e98d878f05d9"]}},{"id":27207,"url":"https:\/\/itmeter.com\/avdo\/wp-content\/uploads\/2023\/09\/visuel-conf.jpg","name":"visuel-conf.jpg","meta":{"brizy_attachment_uid":"wp-492b94adefaa4c64cf9b29c04f748b17.jpg","brizy_post_uid":["f79fc561e18f723d7513e98d878f05d9"]}}],"_links":{"self":[{"href":"https:\/\/itmeter.com\/avdo\/index.php?rest_route=\/wp\/v2\/pages\/26817","targetHints":{"allow":["GET"]}}],"collection":[{"href":"https:\/\/itmeter.com\/avdo\/index.php?rest_route=\/wp\/v2\/pages"}],"about":[{"href":"https:\/\/itmeter.com\/avdo\/index.php?rest_route=\/wp\/v2\/types\/page"}],"author":[{"embeddable":true,"href":"https:\/\/itmeter.com\/avdo\/index.php?rest_route=\/wp\/v2\/users\/1"}],"replies":[{"embeddable":true,"href":"https:\/\/itmeter.com\/avdo\/index.php?rest_route=%2Fwp%2Fv2%2Fcomments&post=26817"}],"version-history":[{"count":0,"href":"https:\/\/itmeter.com\/avdo\/index.php?rest_route=\/wp\/v2\/pages\/26817\/revisions"}],"wp:attachment":[{"href":"https:\/\/itmeter.com\/avdo\/index.php?rest_route=%2Fwp%2Fv2%2Fmedia&parent=26817"}],"curies":[{"name":"wp","href":"https:\/\/api.w.org\/{rel}","templated":true}]}}